{"id":1429,"date":"2018-04-16T09:11:38","date_gmt":"2018-04-16T09:11:38","guid":{"rendered":"http:\/\/alayuk.com\/home\/"},"modified":"2022-10-29T03:44:24","modified_gmt":"2022-10-29T03:44:24","slug":"home","status":"publish","type":"page","link":"https:\/\/alayuk.com\/fr\/","title":{"rendered":"Home"},"content":{"rendered":"<div class=\"wpb-content-wrapper\"><p>[vc_row css_animation=\u00a0\u00bb\u00a0\u00bb row_type=\u00a0\u00bbrow\u00a0\u00bb use_row_as_full_screen_section=\u00a0\u00bbno\u00a0\u00bb type=\u00a0\u00bbfull_width\u00a0\u00bb angled_section=\u00a0\u00bbno\u00a0\u00bb text_align=\u00a0\u00bbleft\u00a0\u00bb background_image_as_pattern=\u00a0\u00bbwithout_pattern\u00a0\u00bb z_index=\u00a0\u00bb998&Prime;][vc_column][rev_slider_vc alias=\u00a0\u00bbhome-slider\u00a0\u00bb][\/vc_column][\/vc_row][vc_row css_animation=\u00a0\u00bb\u00a0\u00bb row_type=\u00a0\u00bbrow\u00a0\u00bb use_row_as_full_screen_section=\u00a0\u00bbno\u00a0\u00bb type=\u00a0\u00bbgrid\u00a0\u00bb angled_section=\u00a0\u00bbno\u00a0\u00bb text_align=\u00a0\u00bbcenter\u00a0\u00bb background_image_as_pattern=\u00a0\u00bbwithout_pattern\u00a0\u00bb z_index=\u00a0\u00bb999&Prime; css=\u00a0\u00bb.vc_custom_1552941257451{background-position: 0 0 !important;background-repeat: no-repeat !important;}\u00a0\u00bb][vc_column css=\u00a0\u00bb.vc_custom_1523968190149{margin-top: -65px !important;}\u00a0\u00bb][vc_row_inner row_type=\u00a0\u00bbrow\u00a0\u00bb type=\u00a0\u00bbfull_width\u00a0\u00bb text_align=\u00a0\u00bbleft\u00a0\u00bb css_animation=\u00a0\u00bb\u00a0\u00bb padding_top=\u00a0\u00bb60&Prime;][vc_column_inner][vc_empty_space][vc_column_text el_class=\u00a0\u00bbintro-home\u00a0\u00bb]<\/p>\n<p style=\"text-align: center;\">\u00ab\u00a0<strong>Alayuk Adventures<\/strong> est le sanctuaire \u00e0 ciel ouvert de Marcelle Fressineau. Elle vit \u00e0 40 minutes de Whitehorse avec ses 45 chiens Alaskan Husky dans ce qu\u2019elle appelle \u00ab un des derniers grands espaces de la plan\u00e8te \u00bb, le Yukon.\u00a0\u00bb<br \/>\n<em>\u2013 Corridor Canada \u2013<br \/>\n<\/em><\/p>\n<p>[\/vc_column_text][qode_elements_holder number_of_columns=\u00a0\u00bbone_column\u00a0\u00bb][qode_elements_holder_item horizontal_alignment=\u00a0\u00bbcenter\u00a0\u00bb advanced_animations=\u00a0\u00bbno\u00a0\u00bb item_padding=\u00a0\u00bb33px 20% 46px 20%\u00a0\u00bb item_padding_1280_1440=\u00a0\u00bb33px 21% 46px 21%\u00a0\u00bb item_padding_768_1024=\u00a0\u00bb34px 9% 46px 9%\u00a0\u00bb item_padding_480_600=\u00a0\u00bb33px 1% 46px 1%\u00a0\u00bb item_padding_480=\u00a0\u00bb33px 1% 46px 1%\u00a0\u00bb][vc_empty_space height=\u00a0\u00bb50px\u00a0\u00bb][vc_column_text]<\/p>\n<h2>Nos activit\u00e9s les plus populaires<\/h2>\n<h5>En \u00e9t\u00e9<\/h5>\n<h6>Voyage d\u00e9couverte<\/h6>\n<p>La route Dempster<\/p>\n<p><a href=\"https:\/\/alayuk.com\/fr\/tour-item\/decouvrez-la-route-dempster\/\">https:\/\/alayuk.com\/fr\/tour-item\/decouvrez-la-route-dempster\/<\/a><\/p>\n<h5>En hiver<\/h5>\n<p>Randonn\u00e9e en tra\u00eeneau \u00e0 chiens d&rsquo;un demi-jour<\/p>\n<p><a href=\"https:\/\/alayuk.com\/fr\/tour-item\/traineau-a-chiens-demi-jour\/\">https:\/\/alayuk.com\/fr\/tour-item\/traineau-a-chiens-demi-jour\/<\/a>[\/vc_column_text][\/qode_elements_holder_item][\/qode_elements_holder][vc_empty_space height=\u00a0\u00bb22px\u00a0\u00bb][\/vc_column_inner][\/vc_row_inner][\/vc_column][\/vc_row]<\/p>\n<\/div>","protected":false},"excerpt":{"rendered":"<p>[vc_row css_animation=\u00a0\u00bb\u00a0\u00bb row_type=\u00a0\u00bbrow\u00a0\u00bb use_row_as_full_screen_section=\u00a0\u00bbno\u00a0\u00bb type=\u00a0\u00bbfull_width\u00a0\u00bb angled_section=\u00a0\u00bbno\u00a0\u00bb text_align=\u00a0\u00bbleft\u00a0\u00bb background_image_as_pattern=\u00a0\u00bbwithout_pattern\u00a0\u00bb z_index=\u00a0\u00bb998&Prime;][vc_column][rev_slider_vc alias=\u00a0\u00bbhome-slider\u00a0\u00bb][\/vc_column][\/vc_row][vc_row css_animation=\u00a0\u00bb\u00a0\u00bb row_type=\u00a0\u00bbrow\u00a0\u00bb use_row_as_full_screen_section=\u00a0\u00bbno\u00a0\u00bb type=\u00a0\u00bbgrid\u00a0\u00bb angled_section=\u00a0\u00bbno\u00a0\u00bb text_align=\u00a0\u00bbcenter\u00a0\u00bb background_image_as_pattern=\u00a0\u00bbwithout_pattern\u00a0\u00bb z_index=\u00a0\u00bb999&Prime; css=\u00a0\u00bb.vc_custom_1552941257451{background-position: 0 0 !important;background-repeat: no-repeat !important;}\u00a0\u00bb][vc_column css=\u00a0\u00bb.vc_custom_1523968190149{margin-top: -65px !important;}\u00a0\u00bb][vc_row_inner row_type=\u00a0\u00bbrow\u00a0\u00bb type=\u00a0\u00bbfull_width\u00a0\u00bb text_align=\u00a0\u00bbleft\u00a0\u00bb css_animation=\u00a0\u00bb\u00a0\u00bb padding_top=\u00a0\u00bb60&Prime;][vc_column_inner][vc_empty_space][vc_column_text el_class=\u00a0\u00bbintro-home\u00a0\u00bb] \u00ab\u00a0Alayuk Adventures est le sanctuaire \u00e0 ciel ouvert de Marcelle Fressineau. Elle&#8230;<\/p>\n","protected":false},"author":1,"featured_media":0,"parent":0,"menu_order":0,"comment_status":"closed","ping_status":"closed","template":"full_width.php","meta":{"footnotes":""},"class_list":["post-1429","page","type-page","status-publish","hentry"],"yoast_head":"<!-- This site is optimized with the Yoast SEO plugin v25.9 - https:\/\/yoast.com\/wordpress\/plugins\/seo\/ -->\n<title>Welcome to ALAYUK Adventures, Yukon... Dog Sledding and Nature Tours<\/title>\n<meta name=\"description\" content=\"Dog Sledding, Nature Tours, Hiking, Trekking. Based in Annie Lake, near Whitehorse.\" \/>\n<meta name=\"robots\" content=\"index, follow, max-snippet:-1, max-image-preview:large, max-video-preview:-1\" \/>\n<link rel=\"canonical\" href=\"https:\/\/alayuk.com\/fr\/\" \/>\n<meta property=\"og:locale\" content=\"fr_FR\" \/>\n<meta property=\"og:type\" content=\"article\" \/>\n<meta property=\"og:title\" content=\"Welcome to ALAYUK Adventures, Yukon... Dog Sledding and Nature Tours\" \/>\n<meta property=\"og:description\" content=\"Dog Sledding, Nature Tours, Hiking, Trekking. Based in Annie Lake, near Whitehorse.\" \/>\n<meta property=\"og:url\" content=\"https:\/\/alayuk.com\/fr\/\" \/>\n<meta property=\"og:site_name\" content=\"Alayuk Adventures\" \/>\n<meta property=\"article:modified_time\" content=\"2022-10-29T03:44:24+00:00\" \/>\n<meta name=\"twitter:card\" content=\"summary_large_image\" \/>\n<meta name=\"twitter:label1\" content=\"Dur\u00e9e de lecture estim\u00e9e\" \/>\n\t<meta name=\"twitter:data1\" content=\"1 minute\" \/>\n<script type=\"application\/ld+json\" class=\"yoast-schema-graph\">{\"@context\":\"https:\/\/schema.org\",\"@graph\":[{\"@type\":\"WebPage\",\"@id\":\"https:\/\/alayuk.com\/fr\/\",\"url\":\"https:\/\/alayuk.com\/fr\/\",\"name\":\"Welcome to ALAYUK Adventures, Yukon... Dog Sledding and Nature Tours\",\"isPartOf\":{\"@id\":\"https:\/\/alayuk.com\/#website\"},\"datePublished\":\"2018-04-16T09:11:38+00:00\",\"dateModified\":\"2022-10-29T03:44:24+00:00\",\"description\":\"Dog Sledding, Nature Tours, Hiking, Trekking. Based in Annie Lake, near Whitehorse.\",\"breadcrumb\":{\"@id\":\"https:\/\/alayuk.com\/fr\/#breadcrumb\"},\"inLanguage\":\"fr-FR\",\"potentialAction\":[{\"@type\":\"ReadAction\",\"target\":[\"https:\/\/alayuk.com\/fr\/\"]}]},{\"@type\":\"BreadcrumbList\",\"@id\":\"https:\/\/alayuk.com\/fr\/#breadcrumb\",\"itemListElement\":[{\"@type\":\"ListItem\",\"position\":1,\"name\":\"Home\",\"item\":\"https:\/\/alayuk.com\/fr\/\"},{\"@type\":\"ListItem\",\"position\":2,\"name\":\"Home\"}]},{\"@type\":\"WebSite\",\"@id\":\"https:\/\/alayuk.com\/#website\",\"url\":\"https:\/\/alayuk.com\/\",\"name\":\"Alayuk Adventures\",\"description\":\"\",\"potentialAction\":[{\"@type\":\"SearchAction\",\"target\":{\"@type\":\"EntryPoint\",\"urlTemplate\":\"https:\/\/alayuk.com\/?s={search_term_string}\"},\"query-input\":{\"@type\":\"PropertyValueSpecification\",\"valueRequired\":true,\"valueName\":\"search_term_string\"}}],\"inLanguage\":\"fr-FR\"}]}<\/script>\n<!-- \/ Yoast SEO plugin. -->","yoast_head_json":{"title":"Welcome to ALAYUK Adventures, Yukon... Dog Sledding and Nature Tours","description":"Dog Sledding, Nature Tours, Hiking, Trekking. Based in Annie Lake, near Whitehorse.","robots":{"index":"index","follow":"follow","max-snippet":"max-snippet:-1","max-image-preview":"max-image-preview:large","max-video-preview":"max-video-preview:-1"},"canonical":"https:\/\/alayuk.com\/fr\/","og_locale":"fr_FR","og_type":"article","og_title":"Welcome to ALAYUK Adventures, Yukon... Dog Sledding and Nature Tours","og_description":"Dog Sledding, Nature Tours, Hiking, Trekking. Based in Annie Lake, near Whitehorse.","og_url":"https:\/\/alayuk.com\/fr\/","og_site_name":"Alayuk Adventures","article_modified_time":"2022-10-29T03:44:24+00:00","twitter_card":"summary_large_image","twitter_misc":{"Dur\u00e9e de lecture estim\u00e9e":"1 minute"},"schema":{"@context":"https:\/\/schema.org","@graph":[{"@type":"WebPage","@id":"https:\/\/alayuk.com\/fr\/","url":"https:\/\/alayuk.com\/fr\/","name":"Welcome to ALAYUK Adventures, Yukon... Dog Sledding and Nature Tours","isPartOf":{"@id":"https:\/\/alayuk.com\/#website"},"datePublished":"2018-04-16T09:11:38+00:00","dateModified":"2022-10-29T03:44:24+00:00","description":"Dog Sledding, Nature Tours, Hiking, Trekking. Based in Annie Lake, near Whitehorse.","breadcrumb":{"@id":"https:\/\/alayuk.com\/fr\/#breadcrumb"},"inLanguage":"fr-FR","potentialAction":[{"@type":"ReadAction","target":["https:\/\/alayuk.com\/fr\/"]}]},{"@type":"BreadcrumbList","@id":"https:\/\/alayuk.com\/fr\/#breadcrumb","itemListElement":[{"@type":"ListItem","position":1,"name":"Home","item":"https:\/\/alayuk.com\/fr\/"},{"@type":"ListItem","position":2,"name":"Home"}]},{"@type":"WebSite","@id":"https:\/\/alayuk.com\/#website","url":"https:\/\/alayuk.com\/","name":"Alayuk Adventures","description":"","potentialAction":[{"@type":"SearchAction","target":{"@type":"EntryPoint","urlTemplate":"https:\/\/alayuk.com\/?s={search_term_string}"},"query-input":{"@type":"PropertyValueSpecification","valueRequired":true,"valueName":"search_term_string"}}],"inLanguage":"fr-FR"}]}},"_links":{"self":[{"href":"https:\/\/alayuk.com\/fr\/wp-json\/wp\/v2\/pages\/1429","targetHints":{"allow":["GET"]}}],"collection":[{"href":"https:\/\/alayuk.com\/fr\/wp-json\/wp\/v2\/pages"}],"about":[{"href":"https:\/\/alayuk.com\/fr\/wp-json\/wp\/v2\/types\/page"}],"author":[{"embeddable":true,"href":"https:\/\/alayuk.com\/fr\/wp-json\/wp\/v2\/users\/1"}],"replies":[{"embeddable":true,"href":"https:\/\/alayuk.com\/fr\/wp-json\/wp\/v2\/comments?post=1429"}],"version-history":[{"count":9,"href":"https:\/\/alayuk.com\/fr\/wp-json\/wp\/v2\/pages\/1429\/revisions"}],"predecessor-version":[{"id":9403,"href":"https:\/\/alayuk.com\/fr\/wp-json\/wp\/v2\/pages\/1429\/revisions\/9403"}],"wp:attachment":[{"href":"https:\/\/alayuk.com\/fr\/wp-json\/wp\/v2\/media?parent=1429"}],"curies":[{"name":"wp","href":"https:\/\/api.w.org\/{rel}","templated":true}]}}