{"id":1472,"date":"2018-04-19T08:24:22","date_gmt":"2018-04-19T08:24:22","guid":{"rendered":"https:\/\/alayuk.com\/about\/"},"modified":"2022-01-06T18:17:35","modified_gmt":"2022-01-06T18:17:35","slug":"a-propos","status":"publish","type":"page","link":"https:\/\/alayuk.com\/fr\/a-propos\/","title":{"rendered":"\u00c0 propos"},"content":{"rendered":"<div class=\"wpb-content-wrapper\"><p>[vc_row css_animation=\u00a0\u00bb\u00a0\u00bb row_type=\u00a0\u00bbrow\u00a0\u00bb use_row_as_full_screen_section=\u00a0\u00bbno\u00a0\u00bb type=\u00a0\u00bbgrid\u00a0\u00bb angled_section=\u00a0\u00bbno\u00a0\u00bb text_align=\u00a0\u00bbleft\u00a0\u00bb background_image_as_pattern=\u00a0\u00bbwithout_pattern\u00a0\u00bb padding_top=\u00a0\u00bb98&Prime; padding_bottom=\u00a0\u00bb106&Prime; z_index=\u00a0\u00bb\u00a0\u00bb][vc_column offset=\u00a0\u00bbvc_col-md-6&Prime;][vc_video link=\u00a0\u00bbhttps:\/\/www.youtube.com\/watch?v=6VeV46BsALI\u00a0\u00bb][vc_empty_space height=\u00a0\u00bb30px\u00a0\u00bb][\/vc_column][vc_column offset=\u00a0\u00bbvc_col-md-6&Prime;][qode_elements_holder number_of_columns=\u00a0\u00bbone_column\u00a0\u00bb][qode_elements_holder_item advanced_animations=\u00a0\u00bbno\u00a0\u00bb item_padding=\u00a0\u00bb0px 0px 0 19px\u00a0\u00bb][vc_separator type=\u00a0\u00bbtransparent\u00a0\u00bb up=\u00a0\u00bb-18&Prime;][vc_column_text]<\/p>\n<h3>Alayuk Adventures,<br \/>\nune exp\u00e9rience authentique<\/h3>\n<p>[\/vc_column_text][vc_empty_space height=\u00a0\u00bb20px\u00a0\u00bb][vc_column_text]Tous nos guides parlent fran\u00e7ais. Ils sont certifi\u00e9s en secourisme en r\u00e9gion \u00e9loign\u00e9es et RCR et suivent r\u00e9guli\u00e8rement des cours. Ils ont un t\u00e9l\u00e9phone satellite \u00e0 disposition.<\/p>\n<p>Nous adh\u00e9rons \u00e0 l\u2019organisation \u00ab Sans Trace \u00bb, l\u2019\u00e9thique du plein air.<\/p>\n<p>Nos chiens, de robustes et sympathiques huskies d\u2019Alaska, sont bien trait\u00e9s, bien nourris et ad\u00e9quatement entra\u00een\u00e9s. Ils sont tous vaccin\u00e9s contre la rage et les principales maladies virales canines. Notre chenil peut \u00eatre visit\u00e9 en tout temps. Nos vieux chiens peuvent vivre une retraite tranquille \u00e0 notre chenil jusqu\u2019\u00e0 la fin de leurs jours.[\/vc_column_text][\/qode_elements_holder_item][\/qode_elements_holder][vc_empty_space height=\u00a0\u00bb30px\u00a0\u00bb][\/vc_column][\/vc_row][vc_row css_animation=\u00a0\u00bb\u00a0\u00bb row_type=\u00a0\u00bbrow\u00a0\u00bb use_row_as_full_screen_section=\u00a0\u00bbno\u00a0\u00bb type=\u00a0\u00bbgrid\u00a0\u00bb angled_section=\u00a0\u00bbno\u00a0\u00bb text_align=\u00a0\u00bbcenter\u00a0\u00bb background_image_as_pattern=\u00a0\u00bbwithout_pattern\u00a0\u00bb z_index=\u00a0\u00bb999&Prime; css=\u00a0\u00bb.vc_custom_1524131355116{background-position: center !important;background-repeat: no-repeat !important;background-size: cover !important;}\u00a0\u00bb][vc_column css=\u00a0\u00bb.vc_custom_1523968190149{margin-top: -65px !important;}\u00a0\u00bb][vc_row_inner row_type=\u00a0\u00bbrow\u00a0\u00bb type=\u00a0\u00bbfull_width\u00a0\u00bb text_align=\u00a0\u00bbleft\u00a0\u00bb css_animation=\u00a0\u00bb\u00a0\u00bb padding_top=\u00a0\u00bb23&Prime;][vc_column_inner][qode_elements_holder number_of_columns=\u00a0\u00bbone_column\u00a0\u00bb][qode_elements_holder_item horizontal_alignment=\u00a0\u00bbcenter\u00a0\u00bb advanced_animations=\u00a0\u00bbno\u00a0\u00bb item_padding=\u00a0\u00bb33px 24% 62px 24%\u00a0\u00bb item_padding_1280_1440=\u00a0\u00bb33px 21% 62px 21%\u00a0\u00bb item_padding_768_1024=\u00a0\u00bb33px 16% 62px 16%\u00a0\u00bb item_padding_480_600=\u00a0\u00bb33px 0% 62px 0%\u00a0\u00bb item_padding_480=\u00a0\u00bb33px 0% 62px 0%\u00a0\u00bb][vc_column_text]<\/p>\n<h2>Notre \u00e9quipe<\/h2>\n<p>[\/vc_column_text][vc_empty_space height=\u00a0\u00bb20px\u00a0\u00bb][\/qode_elements_holder_item][\/qode_elements_holder][\/vc_column_inner][\/vc_row_inner][\/vc_column][\/vc_row][vc_row css_animation=\u00a0\u00bb\u00a0\u00bb row_type=\u00a0\u00bbrow\u00a0\u00bb use_row_as_full_screen_section=\u00a0\u00bbno\u00a0\u00bb type=\u00a0\u00bbgrid\u00a0\u00bb angled_section=\u00a0\u00bbno\u00a0\u00bb text_align=\u00a0\u00bbleft\u00a0\u00bb background_image_as_pattern=\u00a0\u00bbwithout_pattern\u00a0\u00bb z_index=\u00a0\u00bb\u00a0\u00bb][vc_column width=\u00a0\u00bb1\/2&Prime;]<div class='q_team info_description_below_image qode_team_disabled_hover'style=\"background-color:rgba(255,255,255,0.01)\"><div class='q_team_inner'><div class='q_team_image'><div class='q_team_image_holder'><img decoding=\"async\" itemprop=\"image\" src=\"https:\/\/alayuk.com\/wp-content\/uploads\/2019\/02\/Marcelle.jpg\" alt=\"Marcelle\" \/><\/div><div class='q_team_text' ><div class='q_team_text_inner'><div class='q_team_title_holder'><h4 class=\"q_team_name\" >Marcelle<\/h4><\/div><\/div><\/div><div class='q_team_social_holder'><\/div><\/div><\/div><\/div>[\/vc_column][vc_column width=\u00a0\u00bb1\/2&Prime;][vc_column_text]Marcelle est originaire de la Suisse. Elle \u00e9l\u00e8ve des chiens de tra\u00eeneau depuis 1988.<\/p>\n<p>Elle a immigr\u00e9 au Canada en 1995. Elle a obtenu la reconnaissance professionnelle \u00ab Emerit \u00bb du Conseil Canadien des ressources humaines en tourisme en tant que guide en tourisme d\u2019aventure.<\/p>\n<p>Avec ses chiens, elle a particip\u00e9 et termin\u00e9 les 2 plus grandes courses de chiens de tra\u00eeneau de 1600 km, la Yukon Quest, 3 fois et l\u2019Iditarod 4 fois. En hiver, elle guide les randonn\u00e9es en tra\u00eeneau. En \u00e9t\u00e9, elle guide les randonn\u00e9es \u00e0 pied.[\/vc_column_text][\/vc_column][\/vc_row]<\/p>\n<\/div>","protected":false},"excerpt":{"rendered":"<p>[vc_row css_animation=\u00a0\u00bb\u00a0\u00bb row_type=\u00a0\u00bbrow\u00a0\u00bb use_row_as_full_screen_section=\u00a0\u00bbno\u00a0\u00bb type=\u00a0\u00bbgrid\u00a0\u00bb angled_section=\u00a0\u00bbno\u00a0\u00bb text_align=\u00a0\u00bbleft\u00a0\u00bb background_image_as_pattern=\u00a0\u00bbwithout_pattern\u00a0\u00bb padding_top=\u00a0\u00bb98&Prime; padding_bottom=\u00a0\u00bb106&Prime; z_index=\u00a0\u00bb\u00a0\u00bb][vc_column offset=\u00a0\u00bbvc_col-md-6&Prime;][vc_video link=\u00a0\u00bbhttps:\/\/www.youtube.com\/watch?v=6VeV46BsALI\u00a0\u00bb][vc_empty_space height=\u00a0\u00bb30px\u00a0\u00bb][\/vc_column][vc_column offset=\u00a0\u00bbvc_col-md-6&Prime;][qode_elements_holder number_of_columns=\u00a0\u00bbone_column\u00a0\u00bb][qode_elements_holder_item advanced_animations=\u00a0\u00bbno\u00a0\u00bb item_padding=\u00a0\u00bb0px 0px 0 19px\u00a0\u00bb][vc_separator type=\u00a0\u00bbtransparent\u00a0\u00bb up=\u00a0\u00bb-18&Prime;][vc_column_text] Alayuk Adventures, une exp\u00e9rience authentique [\/vc_column_text][vc_empty_space height=\u00a0\u00bb20px\u00a0\u00bb][vc_column_text]Tous nos guides parlent fran\u00e7ais. Ils sont certifi\u00e9s en secourisme en r\u00e9gion \u00e9loign\u00e9es et RCR et&#8230;<\/p>\n","protected":false},"author":1,"featured_media":0,"parent":0,"menu_order":7,"comment_status":"closed","ping_status":"closed","template":"full_width.php","meta":{"footnotes":""},"class_list":["post-1472","page","type-page","status-publish","hentry"],"yoast_head":"<!-- This site is optimized with the Yoast SEO plugin v25.9 - https:\/\/yoast.com\/wordpress\/plugins\/seo\/ -->\n<title>\u00c0 propos - Alayuk Adventures<\/title>\n<meta name=\"robots\" content=\"index, follow, max-snippet:-1, max-image-preview:large, max-video-preview:-1\" \/>\n<link rel=\"canonical\" href=\"https:\/\/alayuk.com\/fr\/a-propos\/\" \/>\n<meta property=\"og:locale\" content=\"fr_FR\" \/>\n<meta property=\"og:type\" content=\"article\" \/>\n<meta property=\"og:title\" content=\"\u00c0 propos - Alayuk Adventures\" \/>\n<meta property=\"og:description\" content=\"[vc_row css_animation=\u00a0\u00bb\u00a0\u00bb row_type=\u00a0\u00bbrow\u00a0\u00bb use_row_as_full_screen_section=\u00a0\u00bbno\u00a0\u00bb type=\u00a0\u00bbgrid\u00a0\u00bb angled_section=\u00a0\u00bbno\u00a0\u00bb text_align=\u00a0\u00bbleft\u00a0\u00bb background_image_as_pattern=\u00a0\u00bbwithout_pattern\u00a0\u00bb padding_top=\u00a0\u00bb98&Prime; padding_bottom=\u00a0\u00bb106&Prime; z_index=\u00a0\u00bb\u00a0\u00bb][vc_column offset=\u00a0\u00bbvc_col-md-6&Prime;][vc_video link=\u00a0\u00bbhttps:\/\/www.youtube.com\/watch?v=6VeV46BsALI\u00a0\u00bb][vc_empty_space height=\u00a0\u00bb30px\u00a0\u00bb][\/vc_column][vc_column offset=\u00a0\u00bbvc_col-md-6&Prime;][qode_elements_holder number_of_columns=\u00a0\u00bbone_column\u00a0\u00bb][qode_elements_holder_item advanced_animations=\u00a0\u00bbno\u00a0\u00bb item_padding=\u00a0\u00bb0px 0px 0 19px\u00a0\u00bb][vc_separator type=\u00a0\u00bbtransparent\u00a0\u00bb up=\u00a0\u00bb-18&Prime;][vc_column_text] Alayuk Adventures, une exp\u00e9rience authentique [\/vc_column_text][vc_empty_space height=\u00a0\u00bb20px\u00a0\u00bb][vc_column_text]Tous nos guides parlent fran\u00e7ais. Ils sont certifi\u00e9s en secourisme en r\u00e9gion \u00e9loign\u00e9es et RCR et...\" \/>\n<meta property=\"og:url\" content=\"https:\/\/alayuk.com\/fr\/a-propos\/\" \/>\n<meta property=\"og:site_name\" content=\"Alayuk Adventures\" \/>\n<meta property=\"article:modified_time\" content=\"2022-01-06T18:17:35+00:00\" \/>\n<meta name=\"twitter:card\" content=\"summary_large_image\" \/>\n<meta name=\"twitter:label1\" content=\"Dur\u00e9e de lecture estim\u00e9e\" \/>\n\t<meta name=\"twitter:data1\" content=\"2 minutes\" \/>\n<script type=\"application\/ld+json\" class=\"yoast-schema-graph\">{\"@context\":\"https:\/\/schema.org\",\"@graph\":[{\"@type\":\"WebPage\",\"@id\":\"https:\/\/alayuk.com\/fr\/a-propos\/\",\"url\":\"https:\/\/alayuk.com\/fr\/a-propos\/\",\"name\":\"\u00c0 propos - Alayuk Adventures\",\"isPartOf\":{\"@id\":\"https:\/\/alayuk.com\/#website\"},\"datePublished\":\"2018-04-19T08:24:22+00:00\",\"dateModified\":\"2022-01-06T18:17:35+00:00\",\"breadcrumb\":{\"@id\":\"https:\/\/alayuk.com\/fr\/a-propos\/#breadcrumb\"},\"inLanguage\":\"fr-FR\",\"potentialAction\":[{\"@type\":\"ReadAction\",\"target\":[\"https:\/\/alayuk.com\/fr\/a-propos\/\"]}]},{\"@type\":\"BreadcrumbList\",\"@id\":\"https:\/\/alayuk.com\/fr\/a-propos\/#breadcrumb\",\"itemListElement\":[{\"@type\":\"ListItem\",\"position\":1,\"name\":\"Home\",\"item\":\"https:\/\/alayuk.com\/fr\/\"},{\"@type\":\"ListItem\",\"position\":2,\"name\":\"\u00c0 propos\"}]},{\"@type\":\"WebSite\",\"@id\":\"https:\/\/alayuk.com\/#website\",\"url\":\"https:\/\/alayuk.com\/\",\"name\":\"Alayuk Adventures\",\"description\":\"\",\"potentialAction\":[{\"@type\":\"SearchAction\",\"target\":{\"@type\":\"EntryPoint\",\"urlTemplate\":\"https:\/\/alayuk.com\/?s={search_term_string}\"},\"query-input\":{\"@type\":\"PropertyValueSpecification\",\"valueRequired\":true,\"valueName\":\"search_term_string\"}}],\"inLanguage\":\"fr-FR\"}]}<\/script>\n<!-- \/ Yoast SEO plugin. -->","yoast_head_json":{"title":"\u00c0 propos - Alayuk Adventures","robots":{"index":"index","follow":"follow","max-snippet":"max-snippet:-1","max-image-preview":"max-image-preview:large","max-video-preview":"max-video-preview:-1"},"canonical":"https:\/\/alayuk.com\/fr\/a-propos\/","og_locale":"fr_FR","og_type":"article","og_title":"\u00c0 propos - Alayuk Adventures","og_description":"[vc_row css_animation=\u00a0\u00bb\u00a0\u00bb row_type=\u00a0\u00bbrow\u00a0\u00bb use_row_as_full_screen_section=\u00a0\u00bbno\u00a0\u00bb type=\u00a0\u00bbgrid\u00a0\u00bb angled_section=\u00a0\u00bbno\u00a0\u00bb text_align=\u00a0\u00bbleft\u00a0\u00bb background_image_as_pattern=\u00a0\u00bbwithout_pattern\u00a0\u00bb padding_top=\u00a0\u00bb98&Prime; padding_bottom=\u00a0\u00bb106&Prime; z_index=\u00a0\u00bb\u00a0\u00bb][vc_column offset=\u00a0\u00bbvc_col-md-6&Prime;][vc_video link=\u00a0\u00bbhttps:\/\/www.youtube.com\/watch?v=6VeV46BsALI\u00a0\u00bb][vc_empty_space height=\u00a0\u00bb30px\u00a0\u00bb][\/vc_column][vc_column offset=\u00a0\u00bbvc_col-md-6&Prime;][qode_elements_holder number_of_columns=\u00a0\u00bbone_column\u00a0\u00bb][qode_elements_holder_item advanced_animations=\u00a0\u00bbno\u00a0\u00bb item_padding=\u00a0\u00bb0px 0px 0 19px\u00a0\u00bb][vc_separator type=\u00a0\u00bbtransparent\u00a0\u00bb up=\u00a0\u00bb-18&Prime;][vc_column_text] Alayuk Adventures, une exp\u00e9rience authentique [\/vc_column_text][vc_empty_space height=\u00a0\u00bb20px\u00a0\u00bb][vc_column_text]Tous nos guides parlent fran\u00e7ais. Ils sont certifi\u00e9s en secourisme en r\u00e9gion \u00e9loign\u00e9es et RCR et...","og_url":"https:\/\/alayuk.com\/fr\/a-propos\/","og_site_name":"Alayuk Adventures","article_modified_time":"2022-01-06T18:17:35+00:00","twitter_card":"summary_large_image","twitter_misc":{"Dur\u00e9e de lecture estim\u00e9e":"2 minutes"},"schema":{"@context":"https:\/\/schema.org","@graph":[{"@type":"WebPage","@id":"https:\/\/alayuk.com\/fr\/a-propos\/","url":"https:\/\/alayuk.com\/fr\/a-propos\/","name":"\u00c0 propos - Alayuk Adventures","isPartOf":{"@id":"https:\/\/alayuk.com\/#website"},"datePublished":"2018-04-19T08:24:22+00:00","dateModified":"2022-01-06T18:17:35+00:00","breadcrumb":{"@id":"https:\/\/alayuk.com\/fr\/a-propos\/#breadcrumb"},"inLanguage":"fr-FR","potentialAction":[{"@type":"ReadAction","target":["https:\/\/alayuk.com\/fr\/a-propos\/"]}]},{"@type":"BreadcrumbList","@id":"https:\/\/alayuk.com\/fr\/a-propos\/#breadcrumb","itemListElement":[{"@type":"ListItem","position":1,"name":"Home","item":"https:\/\/alayuk.com\/fr\/"},{"@type":"ListItem","position":2,"name":"\u00c0 propos"}]},{"@type":"WebSite","@id":"https:\/\/alayuk.com\/#website","url":"https:\/\/alayuk.com\/","name":"Alayuk Adventures","description":"","potentialAction":[{"@type":"SearchAction","target":{"@type":"EntryPoint","urlTemplate":"https:\/\/alayuk.com\/?s={search_term_string}"},"query-input":{"@type":"PropertyValueSpecification","valueRequired":true,"valueName":"search_term_string"}}],"inLanguage":"fr-FR"}]}},"_links":{"self":[{"href":"https:\/\/alayuk.com\/fr\/wp-json\/wp\/v2\/pages\/1472","targetHints":{"allow":["GET"]}}],"collection":[{"href":"https:\/\/alayuk.com\/fr\/wp-json\/wp\/v2\/pages"}],"about":[{"href":"https:\/\/alayuk.com\/fr\/wp-json\/wp\/v2\/types\/page"}],"author":[{"embeddable":true,"href":"https:\/\/alayuk.com\/fr\/wp-json\/wp\/v2\/users\/1"}],"replies":[{"embeddable":true,"href":"https:\/\/alayuk.com\/fr\/wp-json\/wp\/v2\/comments?post=1472"}],"version-history":[{"count":6,"href":"https:\/\/alayuk.com\/fr\/wp-json\/wp\/v2\/pages\/1472\/revisions"}],"predecessor-version":[{"id":8418,"href":"https:\/\/alayuk.com\/fr\/wp-json\/wp\/v2\/pages\/1472\/revisions\/8418"}],"wp:attachment":[{"href":"https:\/\/alayuk.com\/fr\/wp-json\/wp\/v2\/media?parent=1472"}],"curies":[{"name":"wp","href":"https:\/\/api.w.org\/{rel}","templated":true}]}}