{"id":1482,"date":"2018-04-19T11:45:55","date_gmt":"2018-04-19T11:45:55","guid":{"rendered":"https:\/\/alayuk.com\/contact\/"},"modified":"2023-09-14T00:46:39","modified_gmt":"2023-09-14T00:46:39","slug":"contact","status":"publish","type":"page","link":"https:\/\/alayuk.com\/fr\/contact\/","title":{"rendered":"Contact"},"content":{"rendered":"<div class=\"wpb-content-wrapper\"><p>[vc_row css_animation=\u00a0\u00bb\u00a0\u00bb row_type=\u00a0\u00bbrow\u00a0\u00bb use_row_as_full_screen_section=\u00a0\u00bbno\u00a0\u00bb type=\u00a0\u00bbgrid\u00a0\u00bb angled_section=\u00a0\u00bbno\u00a0\u00bb text_align=\u00a0\u00bbleft\u00a0\u00bb background_image_as_pattern=\u00a0\u00bbwithout_pattern\u00a0\u00bb z_index=\u00a0\u00bb\u00a0\u00bb css=\u00a0\u00bb.vc_custom_1550702150275{margin-top: 5em !important;}\u00a0\u00bb][vc_column width=\u00a0\u00bb2\/3&Prime; css=\u00a0\u00bb.vc_custom_1550702290259{padding-right: 2em !important;}\u00a0\u00bb][qode_elements_holder number_of_columns=\u00a0\u00bbone_column\u00a0\u00bb][qode_elements_holder_item advanced_animations=\u00a0\u00bbno\u00a0\u00bb item_padding=\u00a0\u00bb0 0 0 10px\u00a0\u00bb item_padding_600_768=\u00a0\u00bb0 0px 0 0px\u00a0\u00bb item_padding_480_600=\u00a0\u00bb0 0px 0 0px\u00a0\u00bb item_padding_480=\u00a0\u00bb0 0px 0 0px\u00a0\u00bb][vc_separator type=\u00a0\u00bbtransparent\u00a0\u00bb up=\u00a0\u00bb-18&Prime;][vc_column_text]<\/p>\n<h2>Contactez-nous<\/h2>\n<p>[\/vc_column_text][vc_empty_space height=\u00a0\u00bb16px\u00a0\u00bb]\n<div class=\"wpcf7 no-js\" id=\"wpcf7-f1479-o1\" lang=\"\" dir=\"ltr\" data-wpcf7-id=\"1479\">\n<div class=\"screen-reader-response\"><p role=\"status\" aria-live=\"polite\" aria-atomic=\"true\"><\/p> <ul><\/ul><\/div>\n<form action=\"\/fr\/wp-json\/wp\/v2\/pages\/1482#wpcf7-f1479-o1\" method=\"post\" class=\"wpcf7-form init cf7_custom_style_2\" aria-label=\"Formulaire de contact\" novalidate=\"novalidate\" data-status=\"init\">\n<fieldset class=\"hidden-fields-container\"><input type=\"hidden\" name=\"_wpcf7\" value=\"1479\" \/><input type=\"hidden\" name=\"_wpcf7_version\" value=\"6.1.1\" \/><input type=\"hidden\" name=\"_wpcf7_locale\" value=\"\" \/><input type=\"hidden\" name=\"_wpcf7_unit_tag\" value=\"wpcf7-f1479-o1\" \/><input type=\"hidden\" name=\"_wpcf7_container_post\" value=\"0\" \/><input type=\"hidden\" name=\"_wpcf7_posted_data_hash\" value=\"\" \/><input type=\"hidden\" name=\"_wpcf7dtx_version\" value=\"5.0.3\" \/>\n<\/fieldset>\n<div>\n\t<p><span class=\"wpcf7-form-control-wrap\" data-name=\"your-name\"><input size=\"40\" maxlength=\"400\" class=\"wpcf7-form-control wpcf7-text wpcf7-validates-as-required\" aria-required=\"true\" aria-invalid=\"false\" placeholder=\"Votre nom...\" value=\"\" type=\"text\" name=\"your-name\" \/><\/span>\n\t<\/p>\n<\/div>\n<div>\n\t<p><span class=\"wpcf7-form-control-wrap\" data-name=\"your-email\"><input size=\"40\" maxlength=\"400\" class=\"wpcf7-form-control wpcf7-text wpcf7-validates-as-required\" aria-required=\"true\" aria-invalid=\"false\" placeholder=\"Votre email...\" value=\"\" type=\"text\" name=\"your-email\" \/><\/span>\n\t<\/p>\n<\/div>\n<div>\n\t<p><span class=\"wpcf7-form-control-wrap\" data-name=\"your-subject\"><input size=\"40\" maxlength=\"400\" class=\"wpcf7-form-control wpcf7-text wpcf7-validates-as-required\" aria-required=\"true\" aria-invalid=\"false\" placeholder=\"Sujet...\" value=\"\" type=\"text\" name=\"your-subject\" \/><\/span>\n\t<\/p>\n<\/div>\n<div>\n\t<p><span class=\"wpcf7-form-control-wrap\" data-name=\"your-message\"><textarea cols=\"40\" rows=\"10\" maxlength=\"2000\" class=\"wpcf7-form-control wpcf7-textarea wpcf7-validates-as-required\" aria-required=\"true\" aria-invalid=\"false\" placeholder=\"Votre message...\" name=\"your-message\"><\/textarea><\/span>\n\t<\/p>\n<\/div>\n<p><input class=\"wpcf7-form-control wpcf7-submit has-spinner\" type=\"submit\" value=\"Envoyer\" \/>\n<\/p><input type=\"hidden\" id=\"ct_checkjs_cf7_3b8a614226a953a8cd9526fca6fe9ba5\" name=\"ct_checkjs_cf7\" value=\"0\" \/><script >setTimeout(function(){var ct_input_name = \"ct_checkjs_cf7_3b8a614226a953a8cd9526fca6fe9ba5\";if (document.getElementById(ct_input_name) !== null) {var ct_input_value = document.getElementById(ct_input_name).value;document.getElementById(ct_input_name).value = document.getElementById(ct_input_name).value.replace(ct_input_value, '7c6caedbed7146a7d1af636d2e0c4b70c745420e29afd6686096af1678e1a831');}}, 1000);<\/script><input\n                    class=\"apbct_special_field apbct_email_id__wp_contact_form_7\"\n                    name=\"apbct__email_id__wp_contact_form_7\"\n                    aria-label=\"apbct__label_id__wp_contact_form_7\"\n                    type=\"text\" size=\"30\" maxlength=\"200\" autocomplete=\"off\"\n                    value=\"\"\n                \/><div class=\"wpcf7-response-output\" aria-hidden=\"true\"><\/div>\n<\/form>\n<\/div>\n[\/qode_elements_holder_item][\/qode_elements_holder][\/vc_column][vc_column width=\u00a0\u00bb1\/3&Prime;][qode_elements_holder number_of_columns=\u00a0\u00bbone_column\u00a0\u00bb][qode_elements_holder_item advanced_animations=\u00a0\u00bbno\u00a0\u00bb item_padding=\u00a0\u00bb0 0 0 10px\u00a0\u00bb item_padding_600_768=\u00a0\u00bb0 0px 0 0px\u00a0\u00bb item_padding_480_600=\u00a0\u00bb0 0px 0 0px\u00a0\u00bb item_padding_480=\u00a0\u00bb0 0px 0 0px\u00a0\u00bb][vc_separator type=\u00a0\u00bbtransparent\u00a0\u00bb up=\u00a0\u00bb-18&Prime;][vc_empty_space height=\u00a0\u00bb40px\u00a0\u00bb][vc_column_text el_class=\u00a0\u00bbcontact-info\u00a0\u00bb]Alayuk Adventures<br \/>\nBox 10206, Stn Central,<br \/>\nWhitehorse, Yukon,<br \/>\nY1A 7A1<br \/>\nCanada<\/p>\n<p>T\u00e9l\u00e9phone <strong>867.668.2922<br \/>\n<\/strong><br \/>\n<a class=\"email\" title=\"info@alayuk.com\" href=\"mailto:info@alayuk.com\">info@alayuk.com<\/a>[\/vc_column_text][\/qode_elements_holder_item][\/qode_elements_holder][\/vc_column][\/vc_row][vc_row css_animation=\u00a0\u00bb\u00a0\u00bb row_type=\u00a0\u00bbrow\u00a0\u00bb use_row_as_full_screen_section=\u00a0\u00bbno\u00a0\u00bb type=\u00a0\u00bbgrid\u00a0\u00bb angled_section=\u00a0\u00bbno\u00a0\u00bb text_align=\u00a0\u00bbleft\u00a0\u00bb background_image_as_pattern=\u00a0\u00bbwithout_pattern\u00a0\u00bb padding_top=\u00a0\u00bb104&Prime; padding_bottom=\u00a0\u00bb97&Prime; z_index=\u00a0\u00bb\u00a0\u00bb][vc_column offset=\u00a0\u00bbvc_col-md-6&Prime;][qode_elements_holder number_of_columns=\u00a0\u00bbone_column\u00a0\u00bb][qode_elements_holder_item advanced_animations=\u00a0\u00bbno\u00a0\u00bb item_padding=\u00a0\u00bb0 23px 0 0px\u00a0\u00bb item_padding_600_768=\u00a0\u00bb0 0px 0 0px\u00a0\u00bb item_padding_480_600=\u00a0\u00bb0 0px 0 0px\u00a0\u00bb item_padding_480=\u00a0\u00bb0 0px 0 0px\u00a0\u00bb]<div class='google_map_shortcode_holder' style='height:500px;'><div class='qode_google_map' style='height:500px;' id='map_canvas_568' data-addresses='[\"Alayuk, Mount Lorne, YT\"]' data-custom-map-style='false' data-color-overlay='#393939' data-saturation='-100' data-lightness='-60' data-zoom='12' data-pin='https:\/\/alayuk.com\/wp-content\/uploads\/2018\/04\/pin.png' data-unique-id='568' data-google-maps-scroll-wheel='false' data-snazzy-map-style='no' data-map-height='500'><\/div><div class='google_map_shortcode_overlay'><\/div><\/div>[\/qode_elements_holder_item][\/qode_elements_holder][vc_empty_space height=\u00a0\u00bb30px\u00a0\u00bb][\/vc_column][vc_column offset=\u00a0\u00bbvc_col-md-6&Prime;][qode_elements_holder number_of_columns=\u00a0\u00bbone_column\u00a0\u00bb][qode_elements_holder_item advanced_animations=\u00a0\u00bbno\u00a0\u00bb item_padding=\u00a0\u00bb0 0 0 10px\u00a0\u00bb item_padding_600_768=\u00a0\u00bb0 0px 0 0px\u00a0\u00bb item_padding_480_600=\u00a0\u00bb0 0px 0 0px\u00a0\u00bb item_padding_480=\u00a0\u00bb0 0px 0 0px\u00a0\u00bb][vc_separator type=\u00a0\u00bbtransparent\u00a0\u00bb up=\u00a0\u00bb-18&Prime;][vc_column_text]<\/p>\n<h2>Directions<\/h2>\n<p>[\/vc_column_text][vc_empty_space height=\u00a0\u00bb16px\u00a0\u00bb][vc_column_text]Depuis Whitehorse<\/p>\n<p>ATTENTION :\u00a0 Nous ne sommes pas situ\u00e9 sur Old Bridge road mais sur Triple Cross Road, au Km 7.5 sur la route d&rsquo;Annie lake.<\/p>\n<ul>\n<li>Prenez l&rsquo;Alaska Highway vers l&rsquo;est depuis l&rsquo;entr\u00e9e Robert Service, conduisez sur 15 km.<\/li>\n<li>Au croisement vers Carcross (Alaska highway km 1404.4) tournez \u00e0 droite sur la South Klondike Highway (Route vers Carcross et Skagway) et conduisez sur 17 km. Vous verrez un panneau bleue avec diff\u00e9rentes indications dont \u201dAlayuk Adventures\u201d. Tournez \u00e0 droite \u00e0 l&rsquo;\u00e9criteau vert \u00a0\u00bbAnnie Lake Road\u00a0\u00bb sur la route d&rsquo;Annie Lake.<\/li>\n<li>Roulez sur la route d&rsquo;Annie Lake sur 7.5 km jusqu&rsquo;au panneau <strong>Alayuk<\/strong>.<\/li>\n<li>Tournez \u00e0 gauche sur Triple cross road. Continuez sur cette route sur environ 1 km. Prenez le chemin d&rsquo;acc\u00e8s situ\u00e9 au niveau du panneau \u201dAlayuk 123\u201d jusqu&rsquo;au chenil. <strong>BIENVENUE.<\/strong><\/li>\n<\/ul>\n<p><b>Position : N 60\u00b024\u201900.4\u201d\u00a0 \u00a0 W 134\u00b054\u201933.4\u201d<\/b>[\/vc_column_text][\/qode_elements_holder_item][\/qode_elements_holder][vc_empty_space height=\u00a0\u00bb30px\u00a0\u00bb][\/vc_column][\/vc_row]<\/p>\n<\/div>","protected":false},"excerpt":{"rendered":"<p>[vc_row css_animation=\u00a0\u00bb\u00a0\u00bb row_type=\u00a0\u00bbrow\u00a0\u00bb use_row_as_full_screen_section=\u00a0\u00bbno\u00a0\u00bb type=\u00a0\u00bbgrid\u00a0\u00bb angled_section=\u00a0\u00bbno\u00a0\u00bb text_align=\u00a0\u00bbleft\u00a0\u00bb background_image_as_pattern=\u00a0\u00bbwithout_pattern\u00a0\u00bb z_index=\u00a0\u00bb\u00a0\u00bb css=\u00a0\u00bb.vc_custom_1550702150275{margin-top: 5em !important;}\u00a0\u00bb][vc_column width=\u00a0\u00bb2\/3&Prime; css=\u00a0\u00bb.vc_custom_1550702290259{padding-right: 2em !important;}\u00a0\u00bb][qode_elements_holder number_of_columns=\u00a0\u00bbone_column\u00a0\u00bb][qode_elements_holder_item advanced_animations=\u00a0\u00bbno\u00a0\u00bb item_padding=\u00a0\u00bb0 0 0 10px\u00a0\u00bb item_padding_600_768=\u00a0\u00bb0 0px 0 0px\u00a0\u00bb item_padding_480_600=\u00a0\u00bb0 0px 0 0px\u00a0\u00bb item_padding_480=\u00a0\u00bb0 0px 0 0px\u00a0\u00bb][vc_separator type=\u00a0\u00bbtransparent\u00a0\u00bb up=\u00a0\u00bb-18&Prime;][vc_column_text] Contactez-nous [\/vc_column_text][vc_empty_space height=\u00a0\u00bb16px\u00a0\u00bb][\/qode_elements_holder_item][\/qode_elements_holder][\/vc_column][vc_column width=\u00a0\u00bb1\/3&Prime;][qode_elements_holder number_of_columns=\u00a0\u00bbone_column\u00a0\u00bb][qode_elements_holder_item advanced_animations=\u00a0\u00bbno\u00a0\u00bb item_padding=\u00a0\u00bb0 0 0&#8230;<\/p>\n","protected":false},"author":1,"featured_media":0,"parent":0,"menu_order":8,"comment_status":"closed","ping_status":"closed","template":"full_width.php","meta":{"footnotes":""},"class_list":["post-1482","page","type-page","status-publish","hentry"],"yoast_head":"<!-- This site is optimized with the Yoast SEO plugin v25.9 - https:\/\/yoast.com\/wordpress\/plugins\/seo\/ -->\n<title>Contact - Alayuk Adventures<\/title>\n<meta name=\"robots\" content=\"index, follow, max-snippet:-1, max-image-preview:large, max-video-preview:-1\" \/>\n<link rel=\"canonical\" href=\"https:\/\/alayuk.com\/fr\/contact\/\" \/>\n<meta property=\"og:locale\" content=\"fr_FR\" \/>\n<meta property=\"og:type\" content=\"article\" \/>\n<meta property=\"og:title\" content=\"Contact - Alayuk Adventures\" \/>\n<meta property=\"og:description\" content=\"[vc_row css_animation=\u00a0\u00bb\u00a0\u00bb row_type=\u00a0\u00bbrow\u00a0\u00bb use_row_as_full_screen_section=\u00a0\u00bbno\u00a0\u00bb type=\u00a0\u00bbgrid\u00a0\u00bb angled_section=\u00a0\u00bbno\u00a0\u00bb text_align=\u00a0\u00bbleft\u00a0\u00bb background_image_as_pattern=\u00a0\u00bbwithout_pattern\u00a0\u00bb z_index=\u00a0\u00bb\u00a0\u00bb css=\u00a0\u00bb.vc_custom_1550702150275{margin-top: 5em !important;}\u00a0\u00bb][vc_column width=\u00a0\u00bb2\/3&Prime; css=\u00a0\u00bb.vc_custom_1550702290259{padding-right: 2em !important;}\u00a0\u00bb][qode_elements_holder number_of_columns=\u00a0\u00bbone_column\u00a0\u00bb][qode_elements_holder_item advanced_animations=\u00a0\u00bbno\u00a0\u00bb item_padding=\u00a0\u00bb0 0 0 10px\u00a0\u00bb item_padding_600_768=\u00a0\u00bb0 0px 0 0px\u00a0\u00bb item_padding_480_600=\u00a0\u00bb0 0px 0 0px\u00a0\u00bb item_padding_480=\u00a0\u00bb0 0px 0 0px\u00a0\u00bb][vc_separator type=\u00a0\u00bbtransparent\u00a0\u00bb up=\u00a0\u00bb-18&Prime;][vc_column_text] Contactez-nous [\/vc_column_text][vc_empty_space height=\u00a0\u00bb16px\u00a0\u00bb][\/qode_elements_holder_item][\/qode_elements_holder][\/vc_column][vc_column width=\u00a0\u00bb1\/3&Prime;][qode_elements_holder number_of_columns=\u00a0\u00bbone_column\u00a0\u00bb][qode_elements_holder_item advanced_animations=\u00a0\u00bbno\u00a0\u00bb item_padding=\u00a0\u00bb0 0 0...\" \/>\n<meta property=\"og:url\" content=\"https:\/\/alayuk.com\/fr\/contact\/\" \/>\n<meta property=\"og:site_name\" content=\"Alayuk Adventures\" \/>\n<meta property=\"article:modified_time\" content=\"2023-09-14T00:46:39+00:00\" \/>\n<meta name=\"twitter:card\" content=\"summary_large_image\" \/>\n<meta name=\"twitter:label1\" content=\"Dur\u00e9e de lecture estim\u00e9e\" \/>\n\t<meta name=\"twitter:data1\" content=\"2 minutes\" \/>\n<script type=\"application\/ld+json\" class=\"yoast-schema-graph\">{\"@context\":\"https:\/\/schema.org\",\"@graph\":[{\"@type\":\"WebPage\",\"@id\":\"https:\/\/alayuk.com\/fr\/contact\/\",\"url\":\"https:\/\/alayuk.com\/fr\/contact\/\",\"name\":\"Contact - Alayuk Adventures\",\"isPartOf\":{\"@id\":\"https:\/\/alayuk.com\/#website\"},\"datePublished\":\"2018-04-19T11:45:55+00:00\",\"dateModified\":\"2023-09-14T00:46:39+00:00\",\"breadcrumb\":{\"@id\":\"https:\/\/alayuk.com\/fr\/contact\/#breadcrumb\"},\"inLanguage\":\"fr-FR\",\"potentialAction\":[{\"@type\":\"ReadAction\",\"target\":[\"https:\/\/alayuk.com\/fr\/contact\/\"]}]},{\"@type\":\"BreadcrumbList\",\"@id\":\"https:\/\/alayuk.com\/fr\/contact\/#breadcrumb\",\"itemListElement\":[{\"@type\":\"ListItem\",\"position\":1,\"name\":\"Home\",\"item\":\"https:\/\/alayuk.com\/fr\/\"},{\"@type\":\"ListItem\",\"position\":2,\"name\":\"Contact\"}]},{\"@type\":\"WebSite\",\"@id\":\"https:\/\/alayuk.com\/#website\",\"url\":\"https:\/\/alayuk.com\/\",\"name\":\"Alayuk Adventures\",\"description\":\"\",\"potentialAction\":[{\"@type\":\"SearchAction\",\"target\":{\"@type\":\"EntryPoint\",\"urlTemplate\":\"https:\/\/alayuk.com\/?s={search_term_string}\"},\"query-input\":{\"@type\":\"PropertyValueSpecification\",\"valueRequired\":true,\"valueName\":\"search_term_string\"}}],\"inLanguage\":\"fr-FR\"}]}<\/script>\n<!-- \/ Yoast SEO plugin. -->","yoast_head_json":{"title":"Contact - Alayuk Adventures","robots":{"index":"index","follow":"follow","max-snippet":"max-snippet:-1","max-image-preview":"max-image-preview:large","max-video-preview":"max-video-preview:-1"},"canonical":"https:\/\/alayuk.com\/fr\/contact\/","og_locale":"fr_FR","og_type":"article","og_title":"Contact - Alayuk Adventures","og_description":"[vc_row css_animation=\u00a0\u00bb\u00a0\u00bb row_type=\u00a0\u00bbrow\u00a0\u00bb use_row_as_full_screen_section=\u00a0\u00bbno\u00a0\u00bb type=\u00a0\u00bbgrid\u00a0\u00bb angled_section=\u00a0\u00bbno\u00a0\u00bb text_align=\u00a0\u00bbleft\u00a0\u00bb background_image_as_pattern=\u00a0\u00bbwithout_pattern\u00a0\u00bb z_index=\u00a0\u00bb\u00a0\u00bb css=\u00a0\u00bb.vc_custom_1550702150275{margin-top: 5em !important;}\u00a0\u00bb][vc_column width=\u00a0\u00bb2\/3&Prime; css=\u00a0\u00bb.vc_custom_1550702290259{padding-right: 2em !important;}\u00a0\u00bb][qode_elements_holder number_of_columns=\u00a0\u00bbone_column\u00a0\u00bb][qode_elements_holder_item advanced_animations=\u00a0\u00bbno\u00a0\u00bb item_padding=\u00a0\u00bb0 0 0 10px\u00a0\u00bb item_padding_600_768=\u00a0\u00bb0 0px 0 0px\u00a0\u00bb item_padding_480_600=\u00a0\u00bb0 0px 0 0px\u00a0\u00bb item_padding_480=\u00a0\u00bb0 0px 0 0px\u00a0\u00bb][vc_separator type=\u00a0\u00bbtransparent\u00a0\u00bb up=\u00a0\u00bb-18&Prime;][vc_column_text] Contactez-nous [\/vc_column_text][vc_empty_space height=\u00a0\u00bb16px\u00a0\u00bb][\/qode_elements_holder_item][\/qode_elements_holder][\/vc_column][vc_column width=\u00a0\u00bb1\/3&Prime;][qode_elements_holder number_of_columns=\u00a0\u00bbone_column\u00a0\u00bb][qode_elements_holder_item advanced_animations=\u00a0\u00bbno\u00a0\u00bb item_padding=\u00a0\u00bb0 0 0...","og_url":"https:\/\/alayuk.com\/fr\/contact\/","og_site_name":"Alayuk Adventures","article_modified_time":"2023-09-14T00:46:39+00:00","twitter_card":"summary_large_image","twitter_misc":{"Dur\u00e9e de lecture estim\u00e9e":"2 minutes"},"schema":{"@context":"https:\/\/schema.org","@graph":[{"@type":"WebPage","@id":"https:\/\/alayuk.com\/fr\/contact\/","url":"https:\/\/alayuk.com\/fr\/contact\/","name":"Contact - Alayuk Adventures","isPartOf":{"@id":"https:\/\/alayuk.com\/#website"},"datePublished":"2018-04-19T11:45:55+00:00","dateModified":"2023-09-14T00:46:39+00:00","breadcrumb":{"@id":"https:\/\/alayuk.com\/fr\/contact\/#breadcrumb"},"inLanguage":"fr-FR","potentialAction":[{"@type":"ReadAction","target":["https:\/\/alayuk.com\/fr\/contact\/"]}]},{"@type":"BreadcrumbList","@id":"https:\/\/alayuk.com\/fr\/contact\/#breadcrumb","itemListElement":[{"@type":"ListItem","position":1,"name":"Home","item":"https:\/\/alayuk.com\/fr\/"},{"@type":"ListItem","position":2,"name":"Contact"}]},{"@type":"WebSite","@id":"https:\/\/alayuk.com\/#website","url":"https:\/\/alayuk.com\/","name":"Alayuk Adventures","description":"","potentialAction":[{"@type":"SearchAction","target":{"@type":"EntryPoint","urlTemplate":"https:\/\/alayuk.com\/?s={search_term_string}"},"query-input":{"@type":"PropertyValueSpecification","valueRequired":true,"valueName":"search_term_string"}}],"inLanguage":"fr-FR"}]}},"_links":{"self":[{"href":"https:\/\/alayuk.com\/fr\/wp-json\/wp\/v2\/pages\/1482","targetHints":{"allow":["GET"]}}],"collection":[{"href":"https:\/\/alayuk.com\/fr\/wp-json\/wp\/v2\/pages"}],"about":[{"href":"https:\/\/alayuk.com\/fr\/wp-json\/wp\/v2\/types\/page"}],"author":[{"embeddable":true,"href":"https:\/\/alayuk.com\/fr\/wp-json\/wp\/v2\/users\/1"}],"replies":[{"embeddable":true,"href":"https:\/\/alayuk.com\/fr\/wp-json\/wp\/v2\/comments?post=1482"}],"version-history":[{"count":7,"href":"https:\/\/alayuk.com\/fr\/wp-json\/wp\/v2\/pages\/1482\/revisions"}],"predecessor-version":[{"id":10238,"href":"https:\/\/alayuk.com\/fr\/wp-json\/wp\/v2\/pages\/1482\/revisions\/10238"}],"wp:attachment":[{"href":"https:\/\/alayuk.com\/fr\/wp-json\/wp\/v2\/media?parent=1482"}],"curies":[{"name":"wp","href":"https:\/\/api.w.org\/{rel}","templated":true}]}}