{"id":2893,"date":"2020-06-06T22:25:28","date_gmt":"2020-06-06T22:25:28","guid":{"rendered":"https:\/\/alayuk.com\/?page_id=2893"},"modified":"2022-10-29T04:20:54","modified_gmt":"2022-10-29T04:20:54","slug":"covid-19","status":"publish","type":"page","link":"https:\/\/alayuk.com\/fr\/covid-19\/","title":{"rendered":"COVID-19"},"content":{"rendered":"<p><strong><u><img decoding=\"async\" class=\"wp-image-3849 alignleft\" src=\"https:\/\/alayuk.com\/wp-content\/uploads\/2020\/08\/20200606_115303_compress41-2-352x400.jpg\" alt=\"\" width=\"195\" height=\"222\" srcset=\"https:\/\/alayuk.com\/wp-content\/uploads\/2020\/08\/20200606_115303_compress41-2-352x400.jpg 352w, https:\/\/alayuk.com\/wp-content\/uploads\/2020\/08\/20200606_115303_compress41-2-902x1024.jpg 902w, https:\/\/alayuk.com\/wp-content\/uploads\/2020\/08\/20200606_115303_compress41-2-768x871.jpg 768w, https:\/\/alayuk.com\/wp-content\/uploads\/2020\/08\/20200606_115303_compress41-2-1354x1536.jpg 1354w, https:\/\/alayuk.com\/wp-content\/uploads\/2020\/08\/20200606_115303_compress41-2-700x794.jpg 700w, https:\/\/alayuk.com\/wp-content\/uploads\/2020\/08\/20200606_115303_compress41-2-300x340.jpg 300w, https:\/\/alayuk.com\/wp-content\/uploads\/2020\/08\/20200606_115303_compress41-2-600x681.jpg 600w, https:\/\/alayuk.com\/wp-content\/uploads\/2020\/08\/20200606_115303_compress41-2.jpg 1499w\" sizes=\"(max-width: 195px) 100vw, 195px\" \/>COVID-19 &#8211; DIRECTIVE DE S\u00c9CURIT\u00c9 SUR NOS TOURS<\/u><\/strong><\/p>\n<p>&nbsp;<\/p>\n<p><strong>Nous sommes vaccin\u00e9s y compris le troisi\u00e8me rappel, n\u00e9anmoins, votre sant\u00e9 et la sant\u00e9 de notre personnel sont notre priorit\u00e9 absolue.\u00a0<\/strong><\/p>\n<p><strong>Nous respectons les mesures mises en place par le gouvernement du Yukon et du Canada.<\/strong><\/p>\n<p><strong>\u00a0<\/strong><\/p>\n<h4>Pour conna\u00eetre les restrictions en vigueur au Yukon visitez : yukon.ca\/covid<\/h4>\n<h4><strong>\u00a0<\/strong><u><\/u><\/h4>\n<p>&nbsp;<\/p>\n<p><strong>\u00a0<u><\/u><\/strong><\/p>\n<p><strong><img decoding=\"async\" class=\"size-medium wp-image-3844 aligncenter\" src=\"https:\/\/alayuk.com\/wp-content\/uploads\/2020\/08\/WTTC-SafeTravels-Stamp-Template-400x343.png\" alt=\"\" width=\"400\" height=\"343\" srcset=\"https:\/\/alayuk.com\/wp-content\/uploads\/2020\/08\/WTTC-SafeTravels-Stamp-Template-400x343.png 400w, https:\/\/alayuk.com\/wp-content\/uploads\/2020\/08\/WTTC-SafeTravels-Stamp-Template-300x258.png 300w, https:\/\/alayuk.com\/wp-content\/uploads\/2020\/08\/WTTC-SafeTravels-Stamp-Template.png 559w\" sizes=\"(max-width: 400px) 100vw, 400px\" \/>\u00a0<\/strong><\/p>\n","protected":false},"excerpt":{"rendered":"<p>COVID-19 &#8211; DIRECTIVE DE S\u00c9CURIT\u00c9 SUR NOS TOURS &nbsp; Nous sommes vaccin\u00e9s y compris le troisi\u00e8me rappel, n\u00e9anmoins, votre sant\u00e9 et la sant\u00e9 de notre personnel sont notre priorit\u00e9 absolue.\u00a0 Nous respectons les mesures mises en place par le gouvernement du Yukon et du Canada&#8230;.<\/p>\n","protected":false},"author":2,"featured_media":0,"parent":0,"menu_order":9,"comment_status":"closed","ping_status":"closed","template":"","meta":{"footnotes":""},"class_list":["post-2893","page","type-page","status-publish","hentry"],"yoast_head":"<!-- This site is optimized with the Yoast SEO plugin v25.9 - https:\/\/yoast.com\/wordpress\/plugins\/seo\/ -->\n<title>COVID-19 - Alayuk Adventures<\/title>\n<meta name=\"robots\" content=\"index, follow, max-snippet:-1, max-image-preview:large, max-video-preview:-1\" \/>\n<link rel=\"canonical\" href=\"https:\/\/alayuk.com\/fr\/covid-19\/\" \/>\n<meta property=\"og:locale\" content=\"fr_FR\" \/>\n<meta property=\"og:type\" content=\"article\" \/>\n<meta property=\"og:title\" content=\"COVID-19 - Alayuk Adventures\" \/>\n<meta property=\"og:description\" content=\"COVID-19 &#8211; DIRECTIVE DE S\u00c9CURIT\u00c9 SUR NOS TOURS &nbsp; Nous sommes vaccin\u00e9s y compris le troisi\u00e8me rappel, n\u00e9anmoins, votre sant\u00e9 et la sant\u00e9 de notre personnel sont notre priorit\u00e9 absolue.\u00a0 Nous respectons les mesures mises en place par le gouvernement du Yukon et du Canada....\" \/>\n<meta property=\"og:url\" content=\"https:\/\/alayuk.com\/fr\/covid-19\/\" \/>\n<meta property=\"og:site_name\" content=\"Alayuk Adventures\" \/>\n<meta property=\"article:modified_time\" content=\"2022-10-29T04:20:54+00:00\" \/>\n<meta property=\"og:image\" content=\"https:\/\/alayuk.com\/wp-content\/uploads\/2020\/08\/20200606_115303_compress41-2-352x400.jpg\" \/>\n<meta name=\"twitter:card\" content=\"summary_large_image\" \/>\n<meta name=\"twitter:label1\" content=\"Dur\u00e9e de lecture estim\u00e9e\" \/>\n\t<meta name=\"twitter:data1\" content=\"1 minute\" \/>\n<script type=\"application\/ld+json\" class=\"yoast-schema-graph\">{\"@context\":\"https:\/\/schema.org\",\"@graph\":[{\"@type\":\"WebPage\",\"@id\":\"https:\/\/alayuk.com\/fr\/covid-19\/\",\"url\":\"https:\/\/alayuk.com\/fr\/covid-19\/\",\"name\":\"COVID-19 - Alayuk Adventures\",\"isPartOf\":{\"@id\":\"https:\/\/alayuk.com\/#website\"},\"primaryImageOfPage\":{\"@id\":\"https:\/\/alayuk.com\/fr\/covid-19\/#primaryimage\"},\"image\":{\"@id\":\"https:\/\/alayuk.com\/fr\/covid-19\/#primaryimage\"},\"thumbnailUrl\":\"https:\/\/alayuk.com\/wp-content\/uploads\/2020\/08\/20200606_115303_compress41-2-352x400.jpg\",\"datePublished\":\"2020-06-06T22:25:28+00:00\",\"dateModified\":\"2022-10-29T04:20:54+00:00\",\"breadcrumb\":{\"@id\":\"https:\/\/alayuk.com\/fr\/covid-19\/#breadcrumb\"},\"inLanguage\":\"fr-FR\",\"potentialAction\":[{\"@type\":\"ReadAction\",\"target\":[\"https:\/\/alayuk.com\/fr\/covid-19\/\"]}]},{\"@type\":\"ImageObject\",\"inLanguage\":\"fr-FR\",\"@id\":\"https:\/\/alayuk.com\/fr\/covid-19\/#primaryimage\",\"url\":\"https:\/\/alayuk.com\/wp-content\/uploads\/2020\/08\/20200606_115303_compress41-2-352x400.jpg\",\"contentUrl\":\"https:\/\/alayuk.com\/wp-content\/uploads\/2020\/08\/20200606_115303_compress41-2-352x400.jpg\"},{\"@type\":\"BreadcrumbList\",\"@id\":\"https:\/\/alayuk.com\/fr\/covid-19\/#breadcrumb\",\"itemListElement\":[{\"@type\":\"ListItem\",\"position\":1,\"name\":\"Home\",\"item\":\"https:\/\/alayuk.com\/fr\/\"},{\"@type\":\"ListItem\",\"position\":2,\"name\":\"COVID-19\"}]},{\"@type\":\"WebSite\",\"@id\":\"https:\/\/alayuk.com\/#website\",\"url\":\"https:\/\/alayuk.com\/\",\"name\":\"Alayuk Adventures\",\"description\":\"\",\"potentialAction\":[{\"@type\":\"SearchAction\",\"target\":{\"@type\":\"EntryPoint\",\"urlTemplate\":\"https:\/\/alayuk.com\/?s={search_term_string}\"},\"query-input\":{\"@type\":\"PropertyValueSpecification\",\"valueRequired\":true,\"valueName\":\"search_term_string\"}}],\"inLanguage\":\"fr-FR\"}]}<\/script>\n<!-- \/ Yoast SEO plugin. -->","yoast_head_json":{"title":"COVID-19 - Alayuk Adventures","robots":{"index":"index","follow":"follow","max-snippet":"max-snippet:-1","max-image-preview":"max-image-preview:large","max-video-preview":"max-video-preview:-1"},"canonical":"https:\/\/alayuk.com\/fr\/covid-19\/","og_locale":"fr_FR","og_type":"article","og_title":"COVID-19 - Alayuk Adventures","og_description":"COVID-19 &#8211; DIRECTIVE DE S\u00c9CURIT\u00c9 SUR NOS TOURS &nbsp; Nous sommes vaccin\u00e9s y compris le troisi\u00e8me rappel, n\u00e9anmoins, votre sant\u00e9 et la sant\u00e9 de notre personnel sont notre priorit\u00e9 absolue.\u00a0 Nous respectons les mesures mises en place par le gouvernement du Yukon et du Canada....","og_url":"https:\/\/alayuk.com\/fr\/covid-19\/","og_site_name":"Alayuk Adventures","article_modified_time":"2022-10-29T04:20:54+00:00","og_image":[{"url":"https:\/\/alayuk.com\/wp-content\/uploads\/2020\/08\/20200606_115303_compress41-2-352x400.jpg","type":"","width":"","height":""}],"twitter_card":"summary_large_image","twitter_misc":{"Dur\u00e9e de lecture estim\u00e9e":"1 minute"},"schema":{"@context":"https:\/\/schema.org","@graph":[{"@type":"WebPage","@id":"https:\/\/alayuk.com\/fr\/covid-19\/","url":"https:\/\/alayuk.com\/fr\/covid-19\/","name":"COVID-19 - Alayuk Adventures","isPartOf":{"@id":"https:\/\/alayuk.com\/#website"},"primaryImageOfPage":{"@id":"https:\/\/alayuk.com\/fr\/covid-19\/#primaryimage"},"image":{"@id":"https:\/\/alayuk.com\/fr\/covid-19\/#primaryimage"},"thumbnailUrl":"https:\/\/alayuk.com\/wp-content\/uploads\/2020\/08\/20200606_115303_compress41-2-352x400.jpg","datePublished":"2020-06-06T22:25:28+00:00","dateModified":"2022-10-29T04:20:54+00:00","breadcrumb":{"@id":"https:\/\/alayuk.com\/fr\/covid-19\/#breadcrumb"},"inLanguage":"fr-FR","potentialAction":[{"@type":"ReadAction","target":["https:\/\/alayuk.com\/fr\/covid-19\/"]}]},{"@type":"ImageObject","inLanguage":"fr-FR","@id":"https:\/\/alayuk.com\/fr\/covid-19\/#primaryimage","url":"https:\/\/alayuk.com\/wp-content\/uploads\/2020\/08\/20200606_115303_compress41-2-352x400.jpg","contentUrl":"https:\/\/alayuk.com\/wp-content\/uploads\/2020\/08\/20200606_115303_compress41-2-352x400.jpg"},{"@type":"BreadcrumbList","@id":"https:\/\/alayuk.com\/fr\/covid-19\/#breadcrumb","itemListElement":[{"@type":"ListItem","position":1,"name":"Home","item":"https:\/\/alayuk.com\/fr\/"},{"@type":"ListItem","position":2,"name":"COVID-19"}]},{"@type":"WebSite","@id":"https:\/\/alayuk.com\/#website","url":"https:\/\/alayuk.com\/","name":"Alayuk Adventures","description":"","potentialAction":[{"@type":"SearchAction","target":{"@type":"EntryPoint","urlTemplate":"https:\/\/alayuk.com\/?s={search_term_string}"},"query-input":{"@type":"PropertyValueSpecification","valueRequired":true,"valueName":"search_term_string"}}],"inLanguage":"fr-FR"}]}},"_links":{"self":[{"href":"https:\/\/alayuk.com\/fr\/wp-json\/wp\/v2\/pages\/2893","targetHints":{"allow":["GET"]}}],"collection":[{"href":"https:\/\/alayuk.com\/fr\/wp-json\/wp\/v2\/pages"}],"about":[{"href":"https:\/\/alayuk.com\/fr\/wp-json\/wp\/v2\/types\/page"}],"author":[{"embeddable":true,"href":"https:\/\/alayuk.com\/fr\/wp-json\/wp\/v2\/users\/2"}],"replies":[{"embeddable":true,"href":"https:\/\/alayuk.com\/fr\/wp-json\/wp\/v2\/comments?post=2893"}],"version-history":[{"count":12,"href":"https:\/\/alayuk.com\/fr\/wp-json\/wp\/v2\/pages\/2893\/revisions"}],"predecessor-version":[{"id":9404,"href":"https:\/\/alayuk.com\/fr\/wp-json\/wp\/v2\/pages\/2893\/revisions\/9404"}],"wp:attachment":[{"href":"https:\/\/alayuk.com\/fr\/wp-json\/wp\/v2\/media?parent=2893"}],"curies":[{"name":"wp","href":"https:\/\/api.w.org\/{rel}","templated":true}]}}