{"id":1496,"date":"2018-12-11T22:31:34","date_gmt":"2018-12-11T22:31:34","guid":{"rendered":"https:\/\/alayuk.com\/product\/le-traineau-de-la-liberte\/"},"modified":"2019-03-27T21:46:17","modified_gmt":"2019-03-27T21:46:17","slug":"le-traineau-de-la-liberte","status":"publish","type":"product","link":"https:\/\/alayuk.com\/fr\/product\/le-traineau-de-la-liberte\/","title":{"rendered":"Le tra\u00eeneau de la libert\u00e9"},"content":{"rendered":"","protected":false},"excerpt":{"rendered":"<p>Le tra\u00eeneau de la libert\u00e9, r\u00e9dig\u00e9 par Andr\u00e9 Monod.<br \/>\nDans le livre \u00ab Le tra\u00eeneau de la libert\u00e9 \u00bb, Marcelle relate son exp\u00e9rience de l\u2019immigration au Qu\u00e9bec avec ses chiens de tra\u00eeneau et la vie dans sa cabane. \u00c0 40 ans, elle a quitt\u00e9 son existence bien \u00e9tablie en Suisse pour s\u2019installer dans la for\u00eat Canadienne.<\/p>\n","protected":false},"featured_media":965,"template":"","meta":[],"product_brand":[],"product_cat":[80],"product_tag":[],"class_list":{"0":"post-1496","1":"product","2":"type-product","3":"status-publish","4":"has-post-thumbnail","6":"product_cat-livres","8":"first","9":"instock","10":"shipping-taxable","11":"purchasable","12":"product-type-simple"},"yoast_head":"<!-- This site is optimized with the Yoast SEO plugin v25.9 - https:\/\/yoast.com\/wordpress\/plugins\/seo\/ -->\n<title>Le tra\u00eeneau de la libert\u00e9 - Alayuk Adventures<\/title>\n<meta name=\"robots\" content=\"index, follow, max-snippet:-1, max-image-preview:large, max-video-preview:-1\" \/>\n<link rel=\"canonical\" href=\"https:\/\/alayuk.com\/fr\/product\/le-traineau-de-la-liberte\/\" \/>\n<meta property=\"og:locale\" content=\"fr_FR\" \/>\n<meta property=\"og:type\" content=\"article\" \/>\n<meta property=\"og:title\" content=\"Le tra\u00eeneau de la libert\u00e9 - Alayuk Adventures\" \/>\n<meta property=\"og:description\" content=\"Le tra\u00eeneau de la libert\u00e9, r\u00e9dig\u00e9 par Andr\u00e9 Monod. Dans le livre \u00ab Le tra\u00eeneau de la libert\u00e9 \u00bb, Marcelle relate son exp\u00e9rience de l\u2019immigration au Qu\u00e9bec avec ses chiens de tra\u00eeneau et la vie dans sa cabane. \u00c0 40 ans, elle a quitt\u00e9 son existence bien \u00e9tablie en Suisse pour s\u2019installer dans la for\u00eat Canadienne.\" \/>\n<meta property=\"og:url\" content=\"https:\/\/alayuk.com\/fr\/product\/le-traineau-de-la-liberte\/\" \/>\n<meta property=\"og:site_name\" content=\"Alayuk Adventures\" \/>\n<meta property=\"article:modified_time\" content=\"2019-03-27T21:46:17+00:00\" \/>\n<meta property=\"og:image\" content=\"https:\/\/alayuk.com\/wp-content\/uploads\/2018\/12\/traineau-de-la-liberte-front-cover.jpg\" \/>\n\t<meta property=\"og:image:width\" content=\"514\" \/>\n\t<meta property=\"og:image:height\" content=\"800\" \/>\n\t<meta property=\"og:image:type\" content=\"image\/jpeg\" \/>\n<meta name=\"twitter:card\" content=\"summary_large_image\" \/>\n<script type=\"application\/ld+json\" class=\"yoast-schema-graph\">{\"@context\":\"https:\/\/schema.org\",\"@graph\":[{\"@type\":\"WebPage\",\"@id\":\"https:\/\/alayuk.com\/fr\/product\/le-traineau-de-la-liberte\/\",\"url\":\"https:\/\/alayuk.com\/fr\/product\/le-traineau-de-la-liberte\/\",\"name\":\"Le tra\u00eeneau de la libert\u00e9 - Alayuk Adventures\",\"isPartOf\":{\"@id\":\"https:\/\/alayuk.com\/#website\"},\"primaryImageOfPage\":{\"@id\":\"https:\/\/alayuk.com\/fr\/product\/le-traineau-de-la-liberte\/#primaryimage\"},\"image\":{\"@id\":\"https:\/\/alayuk.com\/fr\/product\/le-traineau-de-la-liberte\/#primaryimage\"},\"thumbnailUrl\":\"https:\/\/alayuk.com\/wp-content\/uploads\/2018\/12\/traineau-de-la-liberte-front-cover.jpg\",\"datePublished\":\"2018-12-11T22:31:34+00:00\",\"dateModified\":\"2019-03-27T21:46:17+00:00\",\"breadcrumb\":{\"@id\":\"https:\/\/alayuk.com\/fr\/product\/le-traineau-de-la-liberte\/#breadcrumb\"},\"inLanguage\":\"fr-FR\",\"potentialAction\":[{\"@type\":\"ReadAction\",\"target\":[\"https:\/\/alayuk.com\/fr\/product\/le-traineau-de-la-liberte\/\"]}]},{\"@type\":\"ImageObject\",\"inLanguage\":\"fr-FR\",\"@id\":\"https:\/\/alayuk.com\/fr\/product\/le-traineau-de-la-liberte\/#primaryimage\",\"url\":\"https:\/\/alayuk.com\/wp-content\/uploads\/2018\/12\/traineau-de-la-liberte-front-cover.jpg\",\"contentUrl\":\"https:\/\/alayuk.com\/wp-content\/uploads\/2018\/12\/traineau-de-la-liberte-front-cover.jpg\",\"width\":514,\"height\":800,\"caption\":\"Le traineau de la libert\u00e9\"},{\"@type\":\"BreadcrumbList\",\"@id\":\"https:\/\/alayuk.com\/fr\/product\/le-traineau-de-la-liberte\/#breadcrumb\",\"itemListElement\":[{\"@type\":\"ListItem\",\"position\":1,\"name\":\"Home\",\"item\":\"https:\/\/alayuk.com\/fr\/\"},{\"@type\":\"ListItem\",\"position\":2,\"name\":\"Boutique\",\"item\":\"https:\/\/alayuk.com\/fr\/shop\/\"},{\"@type\":\"ListItem\",\"position\":3,\"name\":\"Le tra\u00eeneau de la libert\u00e9\"}]},{\"@type\":\"WebSite\",\"@id\":\"https:\/\/alayuk.com\/#website\",\"url\":\"https:\/\/alayuk.com\/\",\"name\":\"Alayuk Adventures\",\"description\":\"\",\"potentialAction\":[{\"@type\":\"SearchAction\",\"target\":{\"@type\":\"EntryPoint\",\"urlTemplate\":\"https:\/\/alayuk.com\/?s={search_term_string}\"},\"query-input\":{\"@type\":\"PropertyValueSpecification\",\"valueRequired\":true,\"valueName\":\"search_term_string\"}}],\"inLanguage\":\"fr-FR\"}]}<\/script>\n<!-- \/ Yoast SEO plugin. -->","yoast_head_json":{"title":"Le tra\u00eeneau de la libert\u00e9 - Alayuk Adventures","robots":{"index":"index","follow":"follow","max-snippet":"max-snippet:-1","max-image-preview":"max-image-preview:large","max-video-preview":"max-video-preview:-1"},"canonical":"https:\/\/alayuk.com\/fr\/product\/le-traineau-de-la-liberte\/","og_locale":"fr_FR","og_type":"article","og_title":"Le tra\u00eeneau de la libert\u00e9 - Alayuk Adventures","og_description":"Le tra\u00eeneau de la libert\u00e9, r\u00e9dig\u00e9 par Andr\u00e9 Monod. Dans le livre \u00ab Le tra\u00eeneau de la libert\u00e9 \u00bb, Marcelle relate son exp\u00e9rience de l\u2019immigration au Qu\u00e9bec avec ses chiens de tra\u00eeneau et la vie dans sa cabane. \u00c0 40 ans, elle a quitt\u00e9 son existence bien \u00e9tablie en Suisse pour s\u2019installer dans la for\u00eat Canadienne.","og_url":"https:\/\/alayuk.com\/fr\/product\/le-traineau-de-la-liberte\/","og_site_name":"Alayuk Adventures","article_modified_time":"2019-03-27T21:46:17+00:00","og_image":[{"width":514,"height":800,"url":"https:\/\/alayuk.com\/wp-content\/uploads\/2018\/12\/traineau-de-la-liberte-front-cover.jpg","type":"image\/jpeg"}],"twitter_card":"summary_large_image","schema":{"@context":"https:\/\/schema.org","@graph":[{"@type":"WebPage","@id":"https:\/\/alayuk.com\/fr\/product\/le-traineau-de-la-liberte\/","url":"https:\/\/alayuk.com\/fr\/product\/le-traineau-de-la-liberte\/","name":"Le tra\u00eeneau de la libert\u00e9 - Alayuk Adventures","isPartOf":{"@id":"https:\/\/alayuk.com\/#website"},"primaryImageOfPage":{"@id":"https:\/\/alayuk.com\/fr\/product\/le-traineau-de-la-liberte\/#primaryimage"},"image":{"@id":"https:\/\/alayuk.com\/fr\/product\/le-traineau-de-la-liberte\/#primaryimage"},"thumbnailUrl":"https:\/\/alayuk.com\/wp-content\/uploads\/2018\/12\/traineau-de-la-liberte-front-cover.jpg","datePublished":"2018-12-11T22:31:34+00:00","dateModified":"2019-03-27T21:46:17+00:00","breadcrumb":{"@id":"https:\/\/alayuk.com\/fr\/product\/le-traineau-de-la-liberte\/#breadcrumb"},"inLanguage":"fr-FR","potentialAction":[{"@type":"ReadAction","target":["https:\/\/alayuk.com\/fr\/product\/le-traineau-de-la-liberte\/"]}]},{"@type":"ImageObject","inLanguage":"fr-FR","@id":"https:\/\/alayuk.com\/fr\/product\/le-traineau-de-la-liberte\/#primaryimage","url":"https:\/\/alayuk.com\/wp-content\/uploads\/2018\/12\/traineau-de-la-liberte-front-cover.jpg","contentUrl":"https:\/\/alayuk.com\/wp-content\/uploads\/2018\/12\/traineau-de-la-liberte-front-cover.jpg","width":514,"height":800,"caption":"Le traineau de la libert\u00e9"},{"@type":"BreadcrumbList","@id":"https:\/\/alayuk.com\/fr\/product\/le-traineau-de-la-liberte\/#breadcrumb","itemListElement":[{"@type":"ListItem","position":1,"name":"Home","item":"https:\/\/alayuk.com\/fr\/"},{"@type":"ListItem","position":2,"name":"Boutique","item":"https:\/\/alayuk.com\/fr\/shop\/"},{"@type":"ListItem","position":3,"name":"Le tra\u00eeneau de la libert\u00e9"}]},{"@type":"WebSite","@id":"https:\/\/alayuk.com\/#website","url":"https:\/\/alayuk.com\/","name":"Alayuk Adventures","description":"","potentialAction":[{"@type":"SearchAction","target":{"@type":"EntryPoint","urlTemplate":"https:\/\/alayuk.com\/?s={search_term_string}"},"query-input":{"@type":"PropertyValueSpecification","valueRequired":true,"valueName":"search_term_string"}}],"inLanguage":"fr-FR"}]}},"_links":{"self":[{"href":"https:\/\/alayuk.com\/fr\/wp-json\/wp\/v2\/product\/1496","targetHints":{"allow":["GET"]}}],"collection":[{"href":"https:\/\/alayuk.com\/fr\/wp-json\/wp\/v2\/product"}],"about":[{"href":"https:\/\/alayuk.com\/fr\/wp-json\/wp\/v2\/types\/product"}],"wp:featuredmedia":[{"embeddable":true,"href":"https:\/\/alayuk.com\/fr\/wp-json\/wp\/v2\/media\/965"}],"wp:attachment":[{"href":"https:\/\/alayuk.com\/fr\/wp-json\/wp\/v2\/media?parent=1496"}],"wp:term":[{"taxonomy":"product_brand","embeddable":true,"href":"https:\/\/alayuk.com\/fr\/wp-json\/wp\/v2\/product_brand?post=1496"},{"taxonomy":"product_cat","embeddable":true,"href":"https:\/\/alayuk.com\/fr\/wp-json\/wp\/v2\/product_cat?post=1496"},{"taxonomy":"product_tag","embeddable":true,"href":"https:\/\/alayuk.com\/fr\/wp-json\/wp\/v2\/product_tag?post=1496"}],"curies":[{"name":"wp","href":"https:\/\/api.w.org\/{rel}","templated":true}]}}